{"id":26,"date":"2021-03-17T13:53:19","date_gmt":"2021-03-17T12:53:19","guid":{"rendered":"http:\/\/transmeble.com\/testowa\/?page_id=26"},"modified":"2026-01-07T14:00:02","modified_gmt":"2026-01-07T13:00:02","slug":"about-us","status":"publish","type":"page","link":"https:\/\/transmeble.com\/en\/about-us\/","title":{"rendered":"About us"},"content":{"rendered":"<h3>PPSKiZ TRANSMEBLE derives from a Polish national freight forwarding company, which has conducted furniture transport service in Poland since 1970s.<\/h3>\n<hr>\n<p><img loading=\"lazy\" class=\"aligncenter size-full wp-image-110\" src=\"http:\/\/transmeble.com\/testowa\/wp-content\/uploads\/sites\/7\/2021\/03\/tapeta.jpeg\" alt=\"tapeta\" width=\"1000\" height=\"451\" srcset=\"https:\/\/transmeble.com\/en\/wp-content\/uploads\/sites\/9\/2021\/03\/tapeta.jpeg 1000w, https:\/\/transmeble.com\/en\/wp-content\/uploads\/sites\/9\/2021\/03\/tapeta-300x135.jpeg 300w, https:\/\/transmeble.com\/en\/wp-content\/uploads\/sites\/9\/2021\/03\/tapeta-768x346.jpeg 768w, https:\/\/transmeble.com\/en\/wp-content\/uploads\/sites\/9\/2021\/03\/tapeta-200x90.jpeg 200w, https:\/\/transmeble.com\/en\/wp-content\/uploads\/sites\/9\/2021\/03\/tapeta-690x311.jpeg 690w, https:\/\/transmeble.com\/en\/wp-content\/uploads\/sites\/9\/2021\/03\/tapeta-24x11.jpeg 24w, https:\/\/transmeble.com\/en\/wp-content\/uploads\/sites\/9\/2021\/03\/tapeta-36x16.jpeg 36w, https:\/\/transmeble.com\/en\/wp-content\/uploads\/sites\/9\/2021\/03\/tapeta-48x22.jpeg 48w\" sizes=\"(max-width: 1000px) 100vw, 1000px\" \/><\/p>\n<p style=\"text-align: justify;\">TRANSMEBLE POZNA\u0143 Company has been established in 2000.<br \/>\nTransport service is handled in 7 branches situated all over Poland:<br \/>\n&#8211; \u015arem<br \/>\n&#8211; Zawiercie<br \/>\n&#8211; Ujazd<br \/>\n&#8211; Kr\u0119pna<br \/>\n&#8211; Ostrowiec \u015awi\u0119tokrzyski<br \/>\n&#8211; Trzebnica<br \/>\n&#8211; Gdynia<\/p>\n<p style=\"text-align: justify;\">Our main group of cargo is building materials and foodstuff. We offer road transport and sea transport. We arrange around 200 domestic transport. We are able to develop cooperation with new partners assuring that new orders are handled on time. We arrange transport orders based on our own fleet of truck and trailers and with over 100 of our subcontractors.<\/p>\n<p>We function basing on ISO 9001 paying attention to the highest quality of our service. It is confirmed by various certificates:<br \/>\n&#8211; Gazele Biznesu<br \/>\n&#8211; Reliable Company<br \/>\n&#8211; Fair Play<br \/>\n&#8211; European Medal<br \/>\n&#8211; Forbes\u2019 Diamonds<br \/>\n&#8211; Reliable Carrier and Reliable Company (supported by membership in Kapitu\u0142a Z\u0142otych Certyfikat\u00f3w Rzetelno\u015bci)<\/p>\n<p>Basing on BCC membership we broaden our horizons. Our concept of the changes strategies has been noticed and awarded in 2013.<br \/>\nTRANSMEBLE Company employs 50 well educated and experienced workers, which makes us one of the leading freight forward companies in Poland.<\/p>\n","protected":false},"excerpt":{"rendered":"<p>PPSKiZ TRANSMEBLE derives from a Polish national freight forwarding company, which has conducted furniture transport service in Poland since 1970s.&nbsp;[&hellip;]<\/p>\n","protected":false},"author":5,"featured_media":0,"parent":0,"menu_order":0,"comment_status":"closed","ping_status":"closed","template":"page-templates\/template_fullwidth.php","meta":{"ngg_post_thumbnail":0},"_links":{"self":[{"href":"https:\/\/transmeble.com\/en\/wp-json\/wp\/v2\/pages\/26"}],"collection":[{"href":"https:\/\/transmeble.com\/en\/wp-json\/wp\/v2\/pages"}],"about":[{"href":"https:\/\/transmeble.com\/en\/wp-json\/wp\/v2\/types\/page"}],"author":[{"embeddable":true,"href":"https:\/\/transmeble.com\/en\/wp-json\/wp\/v2\/users\/5"}],"replies":[{"embeddable":true,"href":"https:\/\/transmeble.com\/en\/wp-json\/wp\/v2\/comments?post=26"}],"version-history":[{"count":6,"href":"https:\/\/transmeble.com\/en\/wp-json\/wp\/v2\/pages\/26\/revisions"}],"predecessor-version":[{"id":494,"href":"https:\/\/transmeble.com\/en\/wp-json\/wp\/v2\/pages\/26\/revisions\/494"}],"wp:attachment":[{"href":"https:\/\/transmeble.com\/en\/wp-json\/wp\/v2\/media?parent=26"}],"curies":[{"name":"wp","href":"https:\/\/api.w.org\/{rel}","templated":true}]}}