{"id":36,"date":"2021-03-17T14:07:53","date_gmt":"2021-03-17T13:07:53","guid":{"rendered":"http:\/\/transmeble.com\/testowa\/?page_id=36"},"modified":"2025-10-22T14:49:43","modified_gmt":"2025-10-22T12:49:43","slug":"mapa-google","status":"publish","type":"page","link":"https:\/\/transmeble.com\/en\/","title":{"rendered":""},"content":{"rendered":"<p>&nbsp;<\/p>\n<h3 style=\"text-align: center;\"><span style=\"color: #000000;\"><strong>Main office &#8211; \u015arem<\/strong><\/span><br \/>\n<span style=\"color: #808080;\">(correspondence address)<br \/>\n<span style=\"color: #000000;\">street: Gosty\u0144ska 51<\/span><br \/>\n<span style=\"color: #000000;\">63-100 \u015arem<\/span><br \/>\n<span style=\"color: #000000;\">phone: +48 61 28 39 178<\/span><\/span><\/h3>\n<hr>\n<div id=\"wpadminbar\" class=\"\">&nbsp;<\/div>\n<div><iframe loading=\"lazy\" style=\"border: 0;\" src=\"https:\/\/www.google.com\/maps\/embed?pb=!1m18!1m12!1m3!1d10195.177072294675!2d17.02357806340103!3d52.07570176323047!2m3!1f0!2f0!3f0!3m2!1i1024!2i768!4f13.1!3m3!1m2!1s0x470501289dcbe409%3A0x8dcb09167a9ad1f6!2sPPSKiZ%20%22TRANSMEBLE%20POZNA%C5%83%22%20Sp.z.o.o.!5e1!3m2!1spl!2spl!4v1615985948196!5m2!1spl!2spl\" width=\"1200\" height=\"400\" allowfullscreen=\"allowfullscreen\"><\/iframe>&nbsp;<\/p>\n<hr>\n<div id='gallery-1' class='gallery galleryid-36 gallery-columns-6 gallery-size-medium'><figure class='gallery-item'>\n\t\t\t<div class='gallery-icon landscape'>\n\t\t\t\t<img width=\"100\" height=\"33\" src=\"https:\/\/transmeble.com\/en\/wp-content\/uploads\/sites\/9\/2021\/03\/icon_certyfikat.png\" class=\"attachment-medium size-medium\" alt=\"\" loading=\"lazy\" srcset=\"https:\/\/transmeble.com\/en\/wp-content\/uploads\/sites\/9\/2021\/03\/icon_certyfikat.png 100w, https:\/\/transmeble.com\/en\/wp-content\/uploads\/sites\/9\/2021\/03\/icon_certyfikat-24x8.png 24w, https:\/\/transmeble.com\/en\/wp-content\/uploads\/sites\/9\/2021\/03\/icon_certyfikat-36x12.png 36w, https:\/\/transmeble.com\/en\/wp-content\/uploads\/sites\/9\/2021\/03\/icon_certyfikat-48x16.png 48w\" sizes=\"(max-width: 100px) 100vw, 100px\" \/>\n\t\t\t<\/div><\/figure><figure class='gallery-item'>\n\t\t\t<div class='gallery-icon landscape'>\n\t\t\t\t<img width=\"104\" height=\"27\" src=\"https:\/\/transmeble.com\/en\/wp-content\/uploads\/sites\/9\/2021\/03\/icon_gazele.png\" class=\"attachment-medium size-medium\" alt=\"\" loading=\"lazy\" srcset=\"https:\/\/transmeble.com\/en\/wp-content\/uploads\/sites\/9\/2021\/03\/icon_gazele.png 104w, https:\/\/transmeble.com\/en\/wp-content\/uploads\/sites\/9\/2021\/03\/icon_gazele-24x6.png 24w, https:\/\/transmeble.com\/en\/wp-content\/uploads\/sites\/9\/2021\/03\/icon_gazele-36x9.png 36w, https:\/\/transmeble.com\/en\/wp-content\/uploads\/sites\/9\/2021\/03\/icon_gazele-48x12.png 48w\" sizes=\"(max-width: 104px) 100vw, 104px\" \/>\n\t\t\t<\/div><\/figure><figure class='gallery-item'>\n\t\t\t<div class='gallery-icon landscape'>\n\t\t\t\t<img width=\"150\" height=\"70\" src=\"https:\/\/transmeble.com\/en\/wp-content\/uploads\/sites\/9\/2025\/10\/1-7.png\" class=\"attachment-medium size-medium\" alt=\"\" loading=\"lazy\" srcset=\"https:\/\/transmeble.com\/en\/wp-content\/uploads\/sites\/9\/2025\/10\/1-7.png 150w, https:\/\/transmeble.com\/en\/wp-content\/uploads\/sites\/9\/2025\/10\/1-7-24x11.png 24w, https:\/\/transmeble.com\/en\/wp-content\/uploads\/sites\/9\/2025\/10\/1-7-36x17.png 36w, https:\/\/transmeble.com\/en\/wp-content\/uploads\/sites\/9\/2025\/10\/1-7-48x22.png 48w\" sizes=\"(max-width: 150px) 100vw, 150px\" \/>\n\t\t\t<\/div><\/figure><figure class='gallery-item'>\n\t\t\t<div class='gallery-icon landscape'>\n\t\t\t\t<img width=\"79\" height=\"58\" src=\"https:\/\/transmeble.com\/en\/wp-content\/uploads\/sites\/9\/2021\/03\/icon_medal.png\" class=\"attachment-medium size-medium\" alt=\"\" loading=\"lazy\" srcset=\"https:\/\/transmeble.com\/en\/wp-content\/uploads\/sites\/9\/2021\/03\/icon_medal.png 79w, https:\/\/transmeble.com\/en\/wp-content\/uploads\/sites\/9\/2021\/03\/icon_medal-24x18.png 24w, https:\/\/transmeble.com\/en\/wp-content\/uploads\/sites\/9\/2021\/03\/icon_medal-36x26.png 36w, https:\/\/transmeble.com\/en\/wp-content\/uploads\/sites\/9\/2021\/03\/icon_medal-48x35.png 48w\" sizes=\"(max-width: 79px) 100vw, 79px\" \/>\n\t\t\t<\/div><\/figure><figure class='gallery-item'>\n\t\t\t<div class='gallery-icon landscape'>\n\t\t\t\t<img width=\"81\" height=\"30\" src=\"https:\/\/transmeble.com\/en\/wp-content\/uploads\/sites\/9\/2021\/03\/icon_fairplay.png\" class=\"attachment-medium size-medium\" alt=\"\" loading=\"lazy\" srcset=\"https:\/\/transmeble.com\/en\/wp-content\/uploads\/sites\/9\/2021\/03\/icon_fairplay.png 81w, https:\/\/transmeble.com\/en\/wp-content\/uploads\/sites\/9\/2021\/03\/icon_fairplay-24x9.png 24w, https:\/\/transmeble.com\/en\/wp-content\/uploads\/sites\/9\/2021\/03\/icon_fairplay-36x13.png 36w, https:\/\/transmeble.com\/en\/wp-content\/uploads\/sites\/9\/2021\/03\/icon_fairplay-48x18.png 48w\" sizes=\"(max-width: 81px) 100vw, 81px\" \/>\n\t\t\t<\/div><\/figure><figure class='gallery-item'>\n\t\t\t<div class='gallery-icon landscape'>\n\t\t\t\t<img width=\"166\" height=\"35\" src=\"https:\/\/transmeble.com\/en\/wp-content\/uploads\/sites\/9\/2021\/03\/icon_ue.png\" class=\"attachment-medium size-medium\" alt=\"\" loading=\"lazy\" srcset=\"https:\/\/transmeble.com\/en\/wp-content\/uploads\/sites\/9\/2021\/03\/icon_ue.png 166w, https:\/\/transmeble.com\/en\/wp-content\/uploads\/sites\/9\/2021\/03\/icon_ue-24x5.png 24w, https:\/\/transmeble.com\/en\/wp-content\/uploads\/sites\/9\/2021\/03\/icon_ue-36x8.png 36w, https:\/\/transmeble.com\/en\/wp-content\/uploads\/sites\/9\/2021\/03\/icon_ue-48x10.png 48w\" sizes=\"(max-width: 166px) 100vw, 166px\" \/>\n\t\t\t<\/div><\/figure>\n\t\t<\/div>\n\n<\/div>\n","protected":false},"excerpt":{"rendered":"<p>&nbsp; Main office &#8211; \u015arem (correspondence address) street: Gosty\u0144ska 51 63-100 \u015arem phone: +48 61 28 39 178 &nbsp; &nbsp;<\/p>\n","protected":false},"author":5,"featured_media":0,"parent":0,"menu_order":0,"comment_status":"closed","ping_status":"closed","template":"page-templates\/template_fullwidth.php","meta":{"ngg_post_thumbnail":0},"_links":{"self":[{"href":"https:\/\/transmeble.com\/en\/wp-json\/wp\/v2\/pages\/36"}],"collection":[{"href":"https:\/\/transmeble.com\/en\/wp-json\/wp\/v2\/pages"}],"about":[{"href":"https:\/\/transmeble.com\/en\/wp-json\/wp\/v2\/types\/page"}],"author":[{"embeddable":true,"href":"https:\/\/transmeble.com\/en\/wp-json\/wp\/v2\/users\/5"}],"replies":[{"embeddable":true,"href":"https:\/\/transmeble.com\/en\/wp-json\/wp\/v2\/comments?post=36"}],"version-history":[{"count":7,"href":"https:\/\/transmeble.com\/en\/wp-json\/wp\/v2\/pages\/36\/revisions"}],"predecessor-version":[{"id":480,"href":"https:\/\/transmeble.com\/en\/wp-json\/wp\/v2\/pages\/36\/revisions\/480"}],"wp:attachment":[{"href":"https:\/\/transmeble.com\/en\/wp-json\/wp\/v2\/media?parent=36"}],"curies":[{"name":"wp","href":"https:\/\/api.w.org\/{rel}","templated":true}]}}